{"id":213,"date":"2024-04-18T16:13:43","date_gmt":"2024-04-18T14:13:43","guid":{"rendered":"https:\/\/acf-sendra.com\/?page_id=213"},"modified":"2024-04-19T18:19:41","modified_gmt":"2024-04-19T16:19:41","slug":"213-2","status":"publish","type":"page","link":"https:\/\/acf-sendra.com\/?page_id=213","title":{"rendered":""},"content":{"rendered":"<div data-colibri-id=\"213-c1\" class=\"style-384 style-local-213-c1 position-relative\">\n  <!---->\n  <div data-colibri-component=\"section\" data-colibri-id=\"213-c6\" id=\"about\" class=\"h-section h-section-global-spacing d-flex align-items-lg-center align-items-md-center align-items-center style-389 style-local-213-c6 position-relative\">\n    <!---->\n    <!---->\n    <div class=\"h-section-grid-container h-section-boxed-container\">\n      <!---->\n      <div data-colibri-id=\"213-c7\" class=\"h-row-container gutters-row-lg-0 gutters-row-md-0 gutters-row-0 gutters-row-v-lg-0 gutters-row-v-md-0 gutters-row-v-0 style-390 style-local-213-c7 position-relative\">\n        <!---->\n        <div class=\"h-row justify-content-lg-center justify-content-md-center justify-content-center align-items-lg-stretch align-items-md-stretch align-items-stretch gutters-col-lg-0 gutters-col-md-0 gutters-col-0 gutters-col-v-lg-0 gutters-col-v-md-0 gutters-col-v-0\">\n          <!---->\n          <div class=\"h-column h-column-container d-flex h-col-lg-auto h-col-md-auto h-col-auto style-391-outer style-local-213-c8-outer\">\n            <div data-colibri-id=\"213-c8\" class=\"d-flex h-flex-basis h-column__inner h-px-lg-0 h-px-md-0 h-px-0 v-inner-lg-0 v-inner-md-0 v-inner-0 style-391 style-local-213-c8 position-relative\">\n              <!---->\n              <!---->\n              <div class=\"w-100 h-y-container h-column__content h-column__v-align flex-basis-100 align-self-lg-start align-self-md-start align-self-start\">\n                <!---->\n                <div data-colibri-id=\"213-c9\" class=\"h-global-transition-all h-heading style-392 style-local-213-c9 position-relative h-element\">\n                  <!---->\n                  <div class=\"h-heading__outer style-392 style-local-213-c9\">\n                    <!---->\n                    <!---->\n                    <h5 class=\"\">Pourquoi ACF ?<\/h5>\n                  <\/div>\n                <\/div>\n                <div data-colibri-id=\"213-c10\" class=\"h-text h-text-component style-394 style-local-213-c10 position-relative h-element\">\n                  <!---->\n                  <!---->\n                  <div class=\"\">\n                    <p>\u00ab\u00a0A\u00a0\u00bb pour Accompagnement<\/p>\n                    <p>Accompagner les entreprise pour la r\u00e9alisation de leurs travaux en acc\u00e8s difficile.<\/p>\n                    <p>\u00ab\u00a0C\u00a0\u00bb pour Conseil<\/p>\n                    <p>Conseiller les entreprises sur le choix du mat\u00e9riel EPI contre les chutes de hauteur, les modes op\u00e9ratoires adapt\u00e9s \u00e0 leurs contraintes, les formations qui r\u00e9pondent \u00e0 leurs besoins.<\/p>\n                    <p>\u00ab\u00a0F\u00a0\u00bb pour Formation<\/p>\n                    <p>Former chaque intervenants avec contenu adapt\u00e9 aux responsabilit\u00e9s de chacun, aux mat\u00e9riels mis \u00e0 disposition et \u00e0 l&rsquo;environnement de travail.<\/p>\n                    <p>\n                      <br>\n                    <\/p>\n                    <p>\n                      <br>\n                    <\/p>\n                  <\/div>\n                <\/div>\n              <\/div>\n            <\/div>\n          <\/div>\n          <div class=\"h-column h-column-container d-flex h-col-lg-auto h-col-md-auto h-col-auto style-396-outer style-local-213-c11-outer\">\n            <div data-colibri-id=\"213-c11\" class=\"d-flex h-flex-basis h-column__inner h-px-lg-2 h-px-md-2 h-px-2 v-inner-lg-2 v-inner-md-2 v-inner-2 style-396 style-local-213-c11 position-relative\">\n              <!---->\n              <!---->\n              <div class=\"w-100 h-y-container h-column__content h-column__v-align flex-basis-100 align-self-lg-start align-self-md-start align-self-start\">\n                <!---->\n                <div data-colibri-id=\"213-c12\" class=\"d-block style-397 style-local-213-c12 position-relative h-element\">\n                  <!---->\n                  <div class=\"h-image__frame-container-outer\">\n                    <div class=\"h-image__frame-container\">\n                      <!---->\n                      <!---->\n                      <img loading=\"lazy\" decoding=\"async\" width=\"512\" height=\"512\" src=\"https:\/\/acf-sendra.com\/wp-content\/uploads\/2024\/04\/cropped-logo_transparent.png\" class=\"wp-image-200 style-397-image style-local-213-c12-image\" alt=\"\" srcset=\"https:\/\/acf-sendra.com\/wp-content\/uploads\/2024\/04\/cropped-logo_transparent.png 512w, https:\/\/acf-sendra.com\/wp-content\/uploads\/2024\/04\/cropped-logo_transparent-300x300.png 300w, https:\/\/acf-sendra.com\/wp-content\/uploads\/2024\/04\/cropped-logo_transparent-150x150.png 150w, https:\/\/acf-sendra.com\/wp-content\/uploads\/2024\/04\/cropped-logo_transparent-270x270.png 270w, https:\/\/acf-sendra.com\/wp-content\/uploads\/2024\/04\/cropped-logo_transparent-192x192.png 192w, https:\/\/acf-sendra.com\/wp-content\/uploads\/2024\/04\/cropped-logo_transparent-180x180.png 180w, https:\/\/acf-sendra.com\/wp-content\/uploads\/2024\/04\/cropped-logo_transparent-32x32.png 32w\" sizes=\"auto, (max-width: 512px) 100vw, 512px\" \/>\n                      <div class=\"h-image__frame h-hide-lg h-hide-md h-hide-sm style-397-frameImage style-local-213-c12-frameImage\"><\/div>\n                    <\/div>\n                  <\/div>\n                <\/div>\n              <\/div>\n            <\/div>\n          <\/div>\n        <\/div>\n      <\/div>\n    <\/div>\n  <\/div>\n<\/div>","protected":false},"excerpt":{"rendered":"<p>Pourquoi ACF ? \u00ab\u00a0A\u00a0\u00bb pour Accompagnement Accompagner les entreprise pour la r\u00e9alisation de leurs travaux en acc\u00e8s difficile. \u00ab\u00a0C\u00a0\u00bb pour Conseil Conseiller les entreprises sur le choix du mat\u00e9riel EPI contre les chutes de hauteur, les modes op\u00e9ratoires adapt\u00e9s \u00e0 leurs contraintes, les formations qui r\u00e9pondent \u00e0 leurs besoins. \u00ab\u00a0F\u00a0\u00bb pour Formation Former chaque intervenants [&hellip;]<\/p>\n","protected":false},"author":2,"featured_media":0,"parent":0,"menu_order":0,"comment_status":"closed","ping_status":"closed","template":"page-templates\/full-width-page.php","meta":{"footnotes":""},"class_list":["post-213","page","type-page","status-publish","hentry"],"_links":{"self":[{"href":"https:\/\/acf-sendra.com\/index.php?rest_route=\/wp\/v2\/pages\/213","targetHints":{"allow":["GET"]}}],"collection":[{"href":"https:\/\/acf-sendra.com\/index.php?rest_route=\/wp\/v2\/pages"}],"about":[{"href":"https:\/\/acf-sendra.com\/index.php?rest_route=\/wp\/v2\/types\/page"}],"author":[{"embeddable":true,"href":"https:\/\/acf-sendra.com\/index.php?rest_route=\/wp\/v2\/users\/2"}],"replies":[{"embeddable":true,"href":"https:\/\/acf-sendra.com\/index.php?rest_route=%2Fwp%2Fv2%2Fcomments&post=213"}],"version-history":[{"count":3,"href":"https:\/\/acf-sendra.com\/index.php?rest_route=\/wp\/v2\/pages\/213\/revisions"}],"predecessor-version":[{"id":248,"href":"https:\/\/acf-sendra.com\/index.php?rest_route=\/wp\/v2\/pages\/213\/revisions\/248"}],"wp:attachment":[{"href":"https:\/\/acf-sendra.com\/index.php?rest_route=%2Fwp%2Fv2%2Fmedia&parent=213"}],"curies":[{"name":"wp","href":"https:\/\/api.w.org\/{rel}","templated":true}]}}