{"id":172,"date":"2024-04-17T10:32:47","date_gmt":"2024-04-17T08:32:47","guid":{"rendered":"https:\/\/acf-sendra.com\/?page_id=172"},"modified":"2024-04-17T11:16:13","modified_gmt":"2024-04-17T09:16:13","slug":"presentation","status":"publish","type":"page","link":"https:\/\/acf-sendra.com\/?page_id=172","title":{"rendered":"Pr\u00e9sentation"},"content":{"rendered":"<div data-colibri-id=\"172-c1\" class=\"style-372 style-local-172-c1 position-relative\">\n  <!---->\n  <div data-colibri-component=\"section\" data-colibri-id=\"172-c2\" id=\"presentation\" class=\"h-section h-section-global-spacing d-flex align-items-lg-center align-items-md-center align-items-center style-373 style-local-172-c2 position-relative\">\n    <!---->\n    <!---->\n    <div class=\"h-section-grid-container h-section-boxed-container\">\n      <!---->\n      <div data-colibri-id=\"172-c3\" class=\"h-row-container gutters-row-lg-2 gutters-row-md-2 gutters-row-2 gutters-row-v-lg-2 gutters-row-v-md-2 gutters-row-v-2 style-374 style-local-172-c3 position-relative\">\n        <!---->\n        <div class=\"h-row justify-content-lg-center justify-content-md-center justify-content-center align-items-lg-stretch align-items-md-stretch align-items-stretch gutters-col-lg-2 gutters-col-md-2 gutters-col-2 gutters-col-v-lg-2 gutters-col-v-md-2 gutters-col-v-2\">\n          <!---->\n          <div class=\"h-column h-column-container d-flex h-col-lg-auto h-col-md-auto h-col-auto style-375-outer style-local-172-c4-outer\">\n            <div data-colibri-id=\"172-c4\" class=\"d-flex h-flex-basis h-column__inner h-px-lg-2 h-px-md-2 h-px-2 v-inner-lg-2 v-inner-md-2 v-inner-2 style-375 style-local-172-c4 position-relative\">\n              <!---->\n              <!---->\n              <div class=\"w-100 h-y-container h-column__content h-column__v-align flex-basis-100 align-self-lg-center align-self-md-center align-self-center\">\n                <!---->\n                <div data-colibri-id=\"172-c7\" class=\"h-lead h-text h-text-component style-378 style-local-172-c7 position-relative h-element\">\n                  <!---->\n                  <!---->\n                  <div class=\"\">\n                    <p>Depuis 2016, Guillaume s&rsquo;est exp\u00e9riment\u00e9 dans les diff\u00e9rents m\u00e9tiers des travaux d&rsquo;acc\u00e8s difficile et du secours.<\/p>\n                    <p>Du BTP \u00e0 l&rsquo;industrie en passant par la formation, du poste d&rsquo;\u00e9quipier int\u00e9rimaire \u00e0 organisateur de travaux en hauteur ind\u00e9pendant.<\/p>\n                    <p>Ce sont ces comp\u00e9tences qui lui permettent aujourd&rsquo;hui, entour\u00e9 de ses collaborateurs experts, un service personnalis\u00e9.<\/p>\n                    <p>Que \u00e7a soit sur la r\u00e9alisation de vos chantiers ou sur l&rsquo;animation de vos formations ACF Guillaume SENDRA mettra tout en \u0153uvre pour r\u00e9pondre \u00e0 vos besoins.<\/p>\n                    <p>\n                      <br>\n                    <\/p>\n                  <\/div>\n                <\/div>\n              <\/div>\n            <\/div>\n          <\/div>\n          <div class=\"h-column h-column-container d-flex h-col-lg-auto h-col-md-auto h-col-auto style-381-outer style-local-172-c10-outer\">\n            <div data-colibri-id=\"172-c10\" class=\"d-flex h-flex-basis h-column__inner h-px-lg-2 h-px-md-2 h-px-2 v-inner-lg-2 v-inner-md-2 v-inner-2 style-381 style-local-172-c10 position-relative\">\n              <!---->\n              <!---->\n              <div class=\"w-100 h-y-container h-column__content h-column__v-align flex-basis-100 align-self-lg-center align-self-md-center align-self-center\">\n                <!---->\n                <div data-colibri-id=\"172-c11\" class=\"d-block style-382 style-local-172-c11 position-relative h-element\">\n                  <!---->\n                  <div class=\"h-image__frame-container-outer\">\n                    <div class=\"h-image__frame-container\">\n                      <!---->\n                      <!---->\n                      <img decoding=\"async\" src=\"https:\/\/acf-sendra.com\/wp-content\/uploads\/2024\/04\/colibri-image-320.png\" class=\"wp-image-1488 style-382-image style-local-172-c11-image\" alt=\"\" \/>\n                      <div class=\"h-image__frame h-hide-sm style-382-frameImage style-local-172-c11-frameImage\"><\/div>\n                    <\/div>\n                  <\/div>\n                <\/div>\n              <\/div>\n            <\/div>\n          <\/div>\n        <\/div>\n      <\/div>\n    <\/div>\n  <\/div>\n<\/div>","protected":false},"excerpt":{"rendered":"<p>Depuis 2016, Guillaume s&rsquo;est exp\u00e9riment\u00e9 dans les diff\u00e9rents m\u00e9tiers des travaux d&rsquo;acc\u00e8s difficile et du secours. Du BTP \u00e0 l&rsquo;industrie en passant par la formation, du poste d&rsquo;\u00e9quipier int\u00e9rimaire \u00e0 organisateur de travaux en hauteur ind\u00e9pendant. Ce sont ces comp\u00e9tences qui lui permettent aujourd&rsquo;hui, entour\u00e9 de ses collaborateurs experts, un service personnalis\u00e9. Que \u00e7a soit [&hellip;]<\/p>\n","protected":false},"author":2,"featured_media":0,"parent":0,"menu_order":0,"comment_status":"closed","ping_status":"closed","template":"page-templates\/full-width-page.php","meta":{"footnotes":""},"class_list":["post-172","page","type-page","status-publish","hentry"],"_links":{"self":[{"href":"https:\/\/acf-sendra.com\/index.php?rest_route=\/wp\/v2\/pages\/172","targetHints":{"allow":["GET"]}}],"collection":[{"href":"https:\/\/acf-sendra.com\/index.php?rest_route=\/wp\/v2\/pages"}],"about":[{"href":"https:\/\/acf-sendra.com\/index.php?rest_route=\/wp\/v2\/types\/page"}],"author":[{"embeddable":true,"href":"https:\/\/acf-sendra.com\/index.php?rest_route=\/wp\/v2\/users\/2"}],"replies":[{"embeddable":true,"href":"https:\/\/acf-sendra.com\/index.php?rest_route=%2Fwp%2Fv2%2Fcomments&post=172"}],"version-history":[{"count":6,"href":"https:\/\/acf-sendra.com\/index.php?rest_route=\/wp\/v2\/pages\/172\/revisions"}],"predecessor-version":[{"id":195,"href":"https:\/\/acf-sendra.com\/index.php?rest_route=\/wp\/v2\/pages\/172\/revisions\/195"}],"wp:attachment":[{"href":"https:\/\/acf-sendra.com\/index.php?rest_route=%2Fwp%2Fv2%2Fmedia&parent=172"}],"curies":[{"name":"wp","href":"https:\/\/api.w.org\/{rel}","templated":true}]}}